{"id":1554,"date":"2024-11-11T19:13:08","date_gmt":"2024-11-11T18:13:08","guid":{"rendered":"https:\/\/stellplatz.ch\/?page_id=1554"},"modified":"2024-11-11T19:23:57","modified_gmt":"2024-11-11T18:23:57","slug":"protection-des-donnees-cookies","status":"publish","type":"page","link":"https:\/\/stellplatz.ch\/index.php\/fr\/protection-des-donnees-cookies\/","title":{"rendered":"Protection des donn\u00e9es &#8211; Cookies"},"content":{"rendered":"\n<p class=\"has-medium-font-size\"><strong>Qui sommes-nous ?<\/strong><\/p>\n\n\n\n<p>L&#8217;adresse de notre site web est : <a href=\"https:\/\/stellplatz.ch\/\">www.stellplatz.ch<\/a><\/p>\n\n\n\n<p><strong>Nous utilisons des cookies pour<\/strong><\/p>\n\n\n\n<p>am\u00e9liorer la convivialit\u00e9 de notre site web. Ces cookies sont indispensables au site. Les cookies analytiques nous aident \u00e0 analyser et \u00e0 am\u00e9liorer l&#8217;utilisation du site web. Le cookie de session cr\u00e9\u00e9 n&#8217;est utilis\u00e9 que par les utilisateurs admin.<\/p>\n\n\n\n<p><strong>Contactez<\/strong><\/p>\n\n\n\n<p>Si vous avez des questions sur notre politique en mati\u00e8re de cookies, veuillez nous contacter \u00e0 l&#8216;<a href=\"mailto:info@stellplatz.ch\">adresse info@stellplatz.c.<\/a><\/p>\n\n\n\n<p><\/p>\n","protected":false},"excerpt":{"rendered":"<p>Qui sommes-nous ? L&#8217;adresse de notre site web est : www.stellplatz.ch Nous utilisons des cookies pour am\u00e9liorer la convivialit\u00e9 de notre site web. Ces cookies sont indispensables au site. Les cookies analytiques nous aident \u00e0 analyser et \u00e0 am\u00e9liorer l&#8217;utilisation <span class=\"more-text\">&hellip;<\/span><\/p>\n","protected":false},"author":4,"featured_media":0,"parent":0,"menu_order":0,"comment_status":"closed","ping_status":"closed","template":"","meta":{"jetpack_post_was_ever_published":false,"footnotes":""},"class_list":["post-1554","page","type-page","status-publish","hentry"],"jetpack_sharing_enabled":true,"jetpack_shortlink":"https:\/\/wp.me\/PaCltQ-p4","_links":{"self":[{"href":"https:\/\/stellplatz.ch\/index.php\/wp-json\/wp\/v2\/pages\/1554","targetHints":{"allow":["GET"]}}],"collection":[{"href":"https:\/\/stellplatz.ch\/index.php\/wp-json\/wp\/v2\/pages"}],"about":[{"href":"https:\/\/stellplatz.ch\/index.php\/wp-json\/wp\/v2\/types\/page"}],"author":[{"embeddable":true,"href":"https:\/\/stellplatz.ch\/index.php\/wp-json\/wp\/v2\/users\/4"}],"replies":[{"embeddable":true,"href":"https:\/\/stellplatz.ch\/index.php\/wp-json\/wp\/v2\/comments?post=1554"}],"version-history":[{"count":2,"href":"https:\/\/stellplatz.ch\/index.php\/wp-json\/wp\/v2\/pages\/1554\/revisions"}],"predecessor-version":[{"id":1562,"href":"https:\/\/stellplatz.ch\/index.php\/wp-json\/wp\/v2\/pages\/1554\/revisions\/1562"}],"wp:attachment":[{"href":"https:\/\/stellplatz.ch\/index.php\/wp-json\/wp\/v2\/media?parent=1554"}],"curies":[{"name":"wp","href":"https:\/\/api.w.org\/{rel}","templated":true}]}}