{"id":1547,"date":"2024-11-11T18:46:17","date_gmt":"2024-11-11T17:46:17","guid":{"rendered":"https:\/\/stellplatz.ch\/?page_id=1547"},"modified":"2025-01-09T15:45:45","modified_gmt":"2025-01-09T14:45:45","slug":"datenschutz-cookies","status":"publish","type":"page","link":"https:\/\/stellplatz.ch\/index.php\/datenschutz-cookies\/","title":{"rendered":"Datenschutz \u2013 Cookies"},"content":{"rendered":"\n<p><strong>Wer sind wir&nbsp;: &nbsp;&nbsp;&nbsp;&nbsp;&nbsp;&nbsp;&nbsp;&nbsp;&nbsp;&nbsp;&nbsp;&nbsp;&nbsp;&nbsp;&nbsp;&nbsp;&nbsp;&nbsp;&nbsp;&nbsp;&nbsp;&nbsp;&nbsp;&nbsp;&nbsp;&nbsp;&nbsp;&nbsp;&nbsp;&nbsp;<\/strong><\/p>\n\n\n\n<p>Die Adresse unserer Website ist:&nbsp; www.<a href=\"https:\/\/stellplatz.ch\/\">stellplatz.ch<\/a><\/p>\n\n\n\n<p><strong>Wir verwenden Cookies um:&nbsp;&nbsp;&nbsp;<\/strong><\/p>\n\n\n\n<p>Die Funktionalit\u00e4t unserer Website zu verbessern: Diese Cookies sind f\u00fcr die Website unerl\u00e4sslich. Die analytischen Cookies helfen uns, die Nutzung der Website zu analysieren und zu verbessern. Diese werden auch nicht zu Werbezwecken verwendet. Das erstellte Session Cookie dient nur f\u00fcr Admin Benutzer Bed\u00fcrfnisse.<\/p>\n\n\n\n<p><strong>Kontakt<\/strong><\/p>\n\n\n\n<p>Wenn Sie Fragen zu unseren Cookies-Richtlinien haben, kontaktieren Sie uns bitte unter&nbsp;<a href=\"mailto:info@stellplatz.ch\">info@stellplatz.ch<\/a><\/p>\n\n\n\n<p><\/p>\n","protected":false},"excerpt":{"rendered":"<p>Wer sind wir&nbsp;: &nbsp;&nbsp;&nbsp;&nbsp;&nbsp;&nbsp;&nbsp;&nbsp;&nbsp;&nbsp;&nbsp;&nbsp;&nbsp;&nbsp;&nbsp;&nbsp;&nbsp;&nbsp;&nbsp;&nbsp;&nbsp;&nbsp;&nbsp;&nbsp;&nbsp;&nbsp;&nbsp;&nbsp;&nbsp;&nbsp; Die Adresse unserer Website ist:&nbsp; www.stellplatz.ch Wir verwenden Cookies um:&nbsp;&nbsp;&nbsp; Die Funktionalit\u00e4t unserer Website zu verbessern: Diese Cookies sind f\u00fcr die Website unerl\u00e4sslich. Die analytischen Cookies helfen uns, die Nutzung der Website zu analysieren und zu <span class=\"more-text\">&hellip;<\/span><\/p>\n","protected":false},"author":4,"featured_media":0,"parent":0,"menu_order":0,"comment_status":"closed","ping_status":"closed","template":"","meta":{"jetpack_post_was_ever_published":false,"footnotes":""},"class_list":["post-1547","page","type-page","status-publish","hentry"],"jetpack_sharing_enabled":true,"jetpack_shortlink":"https:\/\/wp.me\/PaCltQ-oX","_links":{"self":[{"href":"https:\/\/stellplatz.ch\/index.php\/wp-json\/wp\/v2\/pages\/1547","targetHints":{"allow":["GET"]}}],"collection":[{"href":"https:\/\/stellplatz.ch\/index.php\/wp-json\/wp\/v2\/pages"}],"about":[{"href":"https:\/\/stellplatz.ch\/index.php\/wp-json\/wp\/v2\/types\/page"}],"author":[{"embeddable":true,"href":"https:\/\/stellplatz.ch\/index.php\/wp-json\/wp\/v2\/users\/4"}],"replies":[{"embeddable":true,"href":"https:\/\/stellplatz.ch\/index.php\/wp-json\/wp\/v2\/comments?post=1547"}],"version-history":[{"count":4,"href":"https:\/\/stellplatz.ch\/index.php\/wp-json\/wp\/v2\/pages\/1547\/revisions"}],"predecessor-version":[{"id":1671,"href":"https:\/\/stellplatz.ch\/index.php\/wp-json\/wp\/v2\/pages\/1547\/revisions\/1671"}],"wp:attachment":[{"href":"https:\/\/stellplatz.ch\/index.php\/wp-json\/wp\/v2\/media?parent=1547"}],"curies":[{"name":"wp","href":"https:\/\/api.w.org\/{rel}","templated":true}]}}