{"id":1415,"date":"2024-10-21T21:33:38","date_gmt":"2024-10-21T19:33:38","guid":{"rendered":"https:\/\/env-0241328.jcloud.ik-server.com\/?page_id=1415"},"modified":"2024-11-07T13:27:06","modified_gmt":"2024-11-07T12:27:06","slug":"achatfinal","status":"publish","type":"page","link":"https:\/\/stellplatz.ch\/index.php\/fr\/achatfinal\/","title":{"rendered":"<!--achet\u00e9 le rapport final-->"},"content":{"rendered":"<p>Malheureusement, la proc\u00e9dure de paiement a \u00e9t\u00e9 interrompue. <a href=\"https:\/\/stellplatz.ch\/index.php\/commandefinal\"> Essayez \u00e0 nouveau<\/a> ou contactez-nous via\u00a0<a href=\"https:\/\/stellplatz.ch\/index.php\/kontakt\">stellplatz-schweiz.ch<\/a> ou appelez-nous: +41 79 395 95 43   <\/p>\n","protected":false},"excerpt":{"rendered":"","protected":false},"author":5,"featured_media":0,"parent":0,"menu_order":0,"comment_status":"closed","ping_status":"closed","template":"","meta":{"jetpack_post_was_ever_published":false,"footnotes":""},"class_list":["post-1415","page","type-page","status-publish","hentry"],"jetpack_sharing_enabled":true,"jetpack_shortlink":"https:\/\/wp.me\/PaCltQ-mP","_links":{"self":[{"href":"https:\/\/stellplatz.ch\/index.php\/wp-json\/wp\/v2\/pages\/1415","targetHints":{"allow":["GET"]}}],"collection":[{"href":"https:\/\/stellplatz.ch\/index.php\/wp-json\/wp\/v2\/pages"}],"about":[{"href":"https:\/\/stellplatz.ch\/index.php\/wp-json\/wp\/v2\/types\/page"}],"author":[{"embeddable":true,"href":"https:\/\/stellplatz.ch\/index.php\/wp-json\/wp\/v2\/users\/5"}],"replies":[{"embeddable":true,"href":"https:\/\/stellplatz.ch\/index.php\/wp-json\/wp\/v2\/comments?post=1415"}],"version-history":[{"count":2,"href":"https:\/\/stellplatz.ch\/index.php\/wp-json\/wp\/v2\/pages\/1415\/revisions"}],"predecessor-version":[{"id":1503,"href":"https:\/\/stellplatz.ch\/index.php\/wp-json\/wp\/v2\/pages\/1415\/revisions\/1503"}],"wp:attachment":[{"href":"https:\/\/stellplatz.ch\/index.php\/wp-json\/wp\/v2\/media?parent=1415"}],"curies":[{"name":"wp","href":"https:\/\/api.w.org\/{rel}","templated":true}]}}