{"id":1408,"date":"2024-10-21T11:26:19","date_gmt":"2024-10-21T09:26:19","guid":{"rendered":"https:\/\/env-0241328.jcloud.ik-server.com\/?page_id=1280"},"modified":"2024-10-22T21:04:46","modified_gmt":"2024-10-22T19:04:46","slug":"commanderefer","status":"publish","type":"page","link":"https:\/\/stellplatz.ch\/index.php\/fr\/commanderefer\/","title":{"rendered":"Oui, je souhaite recevoir les ouvrages de r\u00e9f\u00e9rence"},"content":{"rendered":"\n<p>Disponible avec une carte de d\u00e9bit ou de cr\u00e9dit :<\/p>\n\n\n\n<p>Ici, vous pouvez directement t\u00e9l\u00e9charger les ouvrages de r\u00e9f\u00e9rence apr\u00e8s le paiement. Vous serez automatiquement redirig\u00e9(e) vers les pages o\u00f9 se trouvent les ouvrages de r\u00e9f\u00e9rence. En cas de difficult\u00e9s, contactez-nous via <a href=\"mailto:info@stellplatz-schweiz.ch\">info@stellplatz-schweiz.ch<\/a> &nbsp;ou appelez-nous au +41 79 395 95 43.<\/p>\n\n\n<script type=\"text\/javascript\" src=\"https:\/\/gateway.sumup.com\/gateway\/ecom\/card\/v2\/sdk.js\"><\/script>\r\n<div id=\"sumup-card\"><\/div>\r\n<script\r\n  type=\"text\/javascript\"\r\n  src=\"https:\/\/gateway.sumup.com\/gateway\/ecom\/card\/v2\/sdk.js\"\r\n><\/script>\r\n<script type=\"text\/javascript\">\r\n  SumUpCard.mount({\r\n    id: 'sumup-card',\r\n    checkoutId: 'ba5b9dd3-b4e7-4e0d-ad18-09267e81c543',\r\n    locale: 'fr-CH',\r\n\tshowEmail: true,    \r\n    onResponse: function (type, body) {\r\n      if (type == 'fail' || type == 'success') {\r\n      window.location.href = '\/index.php\/fr\/achatrefer?id=' + body['id'] ;\r\n      }\r\n    },\r\n  });\r\n<\/script>\r\n\r\n\n","protected":false},"excerpt":{"rendered":"<p>Disponible avec une carte de d\u00e9bit ou de cr\u00e9dit : Ici, vous pouvez directement t\u00e9l\u00e9charger les ouvrages de r\u00e9f\u00e9rence apr\u00e8s le paiement. Vous serez automatiquement redirig\u00e9(e) vers les pages o\u00f9 se trouvent les ouvrages de r\u00e9f\u00e9rence. En cas de difficult\u00e9s, <span class=\"more-text\">&hellip;<\/span><\/p>\n","protected":false},"author":5,"featured_media":0,"parent":0,"menu_order":0,"comment_status":"closed","ping_status":"closed","template":"","meta":{"jetpack_post_was_ever_published":false,"footnotes":""},"class_list":["post-1408","page","type-page","status-publish","hentry"],"jetpack_sharing_enabled":true,"jetpack_shortlink":"https:\/\/wp.me\/PaCltQ-mI","_links":{"self":[{"href":"https:\/\/stellplatz.ch\/index.php\/wp-json\/wp\/v2\/pages\/1408","targetHints":{"allow":["GET"]}}],"collection":[{"href":"https:\/\/stellplatz.ch\/index.php\/wp-json\/wp\/v2\/pages"}],"about":[{"href":"https:\/\/stellplatz.ch\/index.php\/wp-json\/wp\/v2\/types\/page"}],"author":[{"embeddable":true,"href":"https:\/\/stellplatz.ch\/index.php\/wp-json\/wp\/v2\/users\/5"}],"replies":[{"embeddable":true,"href":"https:\/\/stellplatz.ch\/index.php\/wp-json\/wp\/v2\/comments?post=1408"}],"version-history":[{"count":1,"href":"https:\/\/stellplatz.ch\/index.php\/wp-json\/wp\/v2\/pages\/1408\/revisions"}],"predecessor-version":[{"id":1427,"href":"https:\/\/stellplatz.ch\/index.php\/wp-json\/wp\/v2\/pages\/1408\/revisions\/1427"}],"wp:attachment":[{"href":"https:\/\/stellplatz.ch\/index.php\/wp-json\/wp\/v2\/media?parent=1408"}],"curies":[{"name":"wp","href":"https:\/\/api.w.org\/{rel}","templated":true}]}}