{"id":1359,"date":"2024-10-15T13:10:35","date_gmt":"2024-10-15T11:10:35","guid":{"rendered":"https:\/\/env-0241328.jcloud.ik-server.com\/?page_id=1359"},"modified":"2024-10-23T20:45:37","modified_gmt":"2024-10-23T18:45:37","slug":"guidestationnement","status":"publish","type":"page","link":"https:\/\/stellplatz.ch\/index.php\/fr\/guidestationnement\/","title":{"rendered":"Oui, je souhaite recevoir le guide des aires de service et de stationnement pour camping-cars 2024"},"content":{"rendered":"\n<ul class=\"wp-block-list\">\n<li>Contribution aux frais en CHF 8.- <\/li>\n\n\n\n<li>Pour l&#8217;envoi papier (participation aux frais de CHF 15.-), veuillez \u00e9crire \u00e0 : <a href=\"mailto:info@stellplatz-schweiz.ch\">info@stellplatz-schweiz.ch<\/a><\/li>\n<\/ul>\n\n\n\n<p>Concernant les modalit\u00e9s de paiement :<a href=\"\/index.php\/fr\/payercreditcard\" data-type=\"link\" data-id=\"https:\/\/env-0241328.jcloud.ik-server.com\/fr\/payer-avec-une-carte-de-debit-ou-de-credit\/\"> Disponible avec une carte de d\u00e9bit ou de cr\u00e9dit.<\/a><\/p>\n\n\n\n<p>Vous pouvez t\u00e9l\u00e9charger le guide directement apr\u00e8s le paiement ! Vous serez automatiquement redirig\u00e9 vers la page o\u00f9 se trouvent le guide, les cartes synoptiques suisses et l&#8217;Update (emplacements temporaires). En cas de difficult\u00e9s, contactez-nous via <a href=\"mailto:info@stellplatz-schweiz.ch\">info@stellplatz-schweiz.ch<\/a> \u00a0ou appelez-nous au +41 79 395 95 43.<\/p>\n\n\n\n<p>Nous vous remercions pour toute information sur d&#8217;autres aires de stationnement pour camping-cars &nbsp;en Suisse et pour toute suggestion : <a href=\"mailto:info@stellplatz-schweiz.c\">info@stellplatz-schweiz.ch<\/a> <\/p>\n\n\n\n<p><\/p>\n","protected":false},"excerpt":{"rendered":"<p>Concernant les modalit\u00e9s de paiement : Disponible avec une carte de d\u00e9bit ou de cr\u00e9dit. Vous pouvez t\u00e9l\u00e9charger le guide directement apr\u00e8s le paiement ! Vous serez automatiquement redirig\u00e9 vers la page o\u00f9 se trouvent le guide, les cartes synoptiques <span class=\"more-text\">&hellip;<\/span><\/p>\n","protected":false},"author":5,"featured_media":0,"parent":0,"menu_order":0,"comment_status":"closed","ping_status":"closed","template":"","meta":{"jetpack_post_was_ever_published":false,"footnotes":""},"class_list":["post-1359","page","type-page","status-publish","hentry"],"jetpack_sharing_enabled":true,"jetpack_shortlink":"https:\/\/wp.me\/PaCltQ-lV","_links":{"self":[{"href":"https:\/\/stellplatz.ch\/index.php\/wp-json\/wp\/v2\/pages\/1359","targetHints":{"allow":["GET"]}}],"collection":[{"href":"https:\/\/stellplatz.ch\/index.php\/wp-json\/wp\/v2\/pages"}],"about":[{"href":"https:\/\/stellplatz.ch\/index.php\/wp-json\/wp\/v2\/types\/page"}],"author":[{"embeddable":true,"href":"https:\/\/stellplatz.ch\/index.php\/wp-json\/wp\/v2\/users\/5"}],"replies":[{"embeddable":true,"href":"https:\/\/stellplatz.ch\/index.php\/wp-json\/wp\/v2\/comments?post=1359"}],"version-history":[{"count":6,"href":"https:\/\/stellplatz.ch\/index.php\/wp-json\/wp\/v2\/pages\/1359\/revisions"}],"predecessor-version":[{"id":1450,"href":"https:\/\/stellplatz.ch\/index.php\/wp-json\/wp\/v2\/pages\/1359\/revisions\/1450"}],"wp:attachment":[{"href":"https:\/\/stellplatz.ch\/index.php\/wp-json\/wp\/v2\/media?parent=1359"}],"curies":[{"name":"wp","href":"https:\/\/api.w.org\/{rel}","templated":true}]}}