{"id":1056,"date":"2024-07-18T20:46:07","date_gmt":"2024-07-18T18:46:07","guid":{"rendered":"https:\/\/env-0241328.jcloud.ik-server.com\/?page_id=1056"},"modified":"2024-08-26T21:48:11","modified_gmt":"2024-08-26T19:48:11","slug":"bestellung_abschluss","status":"publish","type":"page","link":"https:\/\/stellplatz.ch\/index.php\/bestellung_abschluss\/","title":{"rendered":"Ja, ich m\u00f6chte den Abschlussbericht"},"content":{"rendered":"\n<p>Erh\u00e4ltlich mit einer Debit- oder Kreditkarte:<\/p>\n\n\n\n<p>Hier k\u00f6nnen Sie den 44 seitigen Abschlussbericht, nach der Bezahlung, direkt<br>herunterladen! Sie werden automatisch auf die Seite weitergeleitet, auf welcher<br>sich der Bericht befinden. Bei Schwierigkeiten wenden Sie sich an uns via&nbsp;<a href=\"mailto:info@stellplatz-schweiz.ch\" target=\"_blank\" rel=\"noreferrer noopener\">info@stellplatz-schweiz.ch<\/a> oder rufen Sie uns an: +41 79 395 95 43<\/p>\n\n\n\n<p>Sollten Sie sp\u00e4ter Interesse an den Nachschlagewerke haben, k\u00f6nnen Sie diese auch nachtr\u00e4glich beziehen.<\/p>\n\n\n<script type=\"text\/javascript\" src=\"https:\/\/gateway.sumup.com\/gateway\/ecom\/card\/v2\/sdk.js\"><\/script>\r\n<div id=\"sumup-card\"><\/div>\r\n<script\r\n  type=\"text\/javascript\"\r\n  src=\"https:\/\/gateway.sumup.com\/gateway\/ecom\/card\/v2\/sdk.js\"\r\n><\/script>\r\n<script type=\"text\/javascript\">\r\n  SumUpCard.mount({\r\n    id: 'sumup-card',\r\n    checkoutId: '41743bce-6425-42f4-9f5f-54120c5f7f60',\r\n    locale: 'de-CH',\r\n\tshowEmail: true,  \t  \r\n    onResponse: function (type, body) {\r\n    \/\/  console.log('Type', type);\r\n    \/\/  console.log('Body', body);\r\n      if (type == 'fail' || type == 'success') {\r\n   \/\/   console.log('error_code',body['error_code']);\r\n   \/\/   console.log('status',body['status']);\r\n   \/\/   console.log('id', body['id']);\r\n      window.location.href = '\/index.php\/kaufabschluss?id=' + body['id'] ;\r\n      }\r\n    },\r\n  });\r\n<\/script>\r\n\r\n\n","protected":false},"excerpt":{"rendered":"<p>Erh\u00e4ltlich mit einer Debit- oder Kreditkarte: Hier k\u00f6nnen Sie den 44 seitigen Abschlussbericht, nach der Bezahlung, direktherunterladen! Sie werden automatisch auf die Seite weitergeleitet, auf welchersich der Bericht befinden. Bei Schwierigkeiten wenden Sie sich an uns via&nbsp;info@stellplatz-schweiz.ch oder rufen Sie <span class=\"more-text\">&hellip;<\/span><\/p>\n","protected":false},"author":5,"featured_media":0,"parent":0,"menu_order":0,"comment_status":"closed","ping_status":"closed","template":"","meta":{"jetpack_post_was_ever_published":true,"footnotes":""},"class_list":["post-1056","page","type-page","status-publish","hentry"],"jetpack_sharing_enabled":true,"jetpack_shortlink":"https:\/\/wp.me\/PaCltQ-h2","_links":{"self":[{"href":"https:\/\/stellplatz.ch\/index.php\/wp-json\/wp\/v2\/pages\/1056","targetHints":{"allow":["GET"]}}],"collection":[{"href":"https:\/\/stellplatz.ch\/index.php\/wp-json\/wp\/v2\/pages"}],"about":[{"href":"https:\/\/stellplatz.ch\/index.php\/wp-json\/wp\/v2\/types\/page"}],"author":[{"embeddable":true,"href":"https:\/\/stellplatz.ch\/index.php\/wp-json\/wp\/v2\/users\/5"}],"replies":[{"embeddable":true,"href":"https:\/\/stellplatz.ch\/index.php\/wp-json\/wp\/v2\/comments?post=1056"}],"version-history":[{"count":1,"href":"https:\/\/stellplatz.ch\/index.php\/wp-json\/wp\/v2\/pages\/1056\/revisions"}],"predecessor-version":[{"id":1186,"href":"https:\/\/stellplatz.ch\/index.php\/wp-json\/wp\/v2\/pages\/1056\/revisions\/1186"}],"wp:attachment":[{"href":"https:\/\/stellplatz.ch\/index.php\/wp-json\/wp\/v2\/media?parent=1056"}],"curies":[{"name":"wp","href":"https:\/\/api.w.org\/{rel}","templated":true}]}}